{"id":383,"date":"2025-12-02T10:46:30","date_gmt":"2025-12-02T10:46:30","guid":{"rendered":"https:\/\/www.drespanola.com\/politica-de-privacidad\/"},"modified":"2026-01-04T12:58:42","modified_gmt":"2026-01-04T12:58:42","slug":"politica-de-privacidad","status":"publish","type":"page","link":"https:\/\/www.drespanola.com\/es\/politica-de-privacidad\/","title":{"rendered":"Pol\u00edtica de privacidad"},"content":{"rendered":"\n<h4 class=\"wp-block-heading\"><strong>POL\u00cdTICA DE PRIVACIDAD<\/strong><br\/>Real Estate D&amp;R Espa\u00f1ola S.L.<br\/>(Calle Josefa Botella Sempere 12, bloque 2\/2C, 03130 Santa Pola, Espa\u00f1a)<\/h4>\n\n<hr class=\"wp-block-separator has-alpha-channel-opacity\"\/>\n\n<h5 class=\"wp-block-heading\">1. Informaci\u00f3n general<\/h5>\n\n<p>Esta Pol\u00edtica de Privacidad establece las normas para el tratamiento y protecci\u00f3n de los datos personales proporcionados por los usuarios en relaci\u00f3n con el uso del sitio web, formularios de contacto, ofertas inmobiliarias y otros servicios prestados por <strong>D&amp;R Espa\u00f1ola S.L. Real Estate<\/strong> (en adelante denominado el <em>Administrador<\/em>).<\/p>\n\n<p>El Responsable de la Ley otorga especial importancia al respeto de la privacidad de los usuarios y a la garant\u00eda de la protecci\u00f3n de los datos conforme al <strong>Reglamento (UE) 2016\/679 del Parlamento Europeo y del Consejo<\/strong> (RGPD) y <strong>a la Ley Org\u00e1nica 3\/2018<\/strong> sobre la protecci\u00f3n de los datos personales y la garant\u00eda de los derechos digitales (LOPDGDD).<\/p>\n\n<hr class=\"wp-block-separator has-alpha-channel-opacity\"\/>\n\n<h5 class=\"wp-block-heading\">2. Datos del administrador<\/h5>\n\n<p><strong>Administrador de datos personales:<\/strong><br\/>Real Estate D&amp;R Espa\u00f1ola S.L.<br\/>Calle Josefa Botella Sempere 12, bloque 2\/2C<br\/>03130 Santa Pola, Espa\u00f1a<br\/>Correo electr\u00f3nico de contacto: [inserte direcci\u00f3n de correo electr\u00f3nico aqu\u00ed]<br\/>Tel\u00e9fono de contacto: [inserta el n\u00famero de tel\u00e9fono aqu\u00ed]<\/p>\n\n<hr class=\"wp-block-separator has-alpha-channel-opacity\"\/>\n\n<h5 class=\"wp-block-heading\">3. Alcance y prop\u00f3sito del procesamiento de datos<\/h5>\n\n<p>Los datos personales de los usuarios se procesan para los siguientes fines:<\/p>\n\n<ul class=\"wp-block-list\">\n<li>gestionar consultas enviadas a trav\u00e9s del formulario de contacto, correo electr\u00f3nico o tel\u00e9fono,<\/li>\n\n\n\n<li>Preparaci\u00f3n y presentaci\u00f3n de ofertas inmobiliarias,<\/li>\n\n\n\n<li>Prestaci\u00f3n de servicios de corretaje inmobiliario,<\/li>\n\n\n\n<li>Enviar informaci\u00f3n de marketing (por ejemplo, bolet\u00edn) \u2013 Solo despu\u00e9s de consentimiento,<\/li>\n\n\n\n<li>cumplimiento de obligaciones derivadas de las disposiciones legales (por ejemplo, contabilidad, documentaci\u00f3n de transacciones).<\/li>\n<\/ul>\n\n<hr class=\"wp-block-separator has-alpha-channel-opacity\"\/>\n\n<h5 class=\"wp-block-heading\">4. Base legal para el procesamiento<\/h5>\n\n<p>Los datos personales se tratan en base a:<\/p>\n\n<ul class=\"wp-block-list\">\n<li>Art\u00edculo 6(1)(a) del RGPD \u2013 consentimiento del sujeto de datos,  <\/li>\n\n\n\n<li>Art\u00edculo 6(1)(b) del RGPD \u2013 ejecuci\u00f3n del contrato o toma de acciones antes de su conclusi\u00f3n,  <\/li>\n\n\n\n<li>El art\u00edculo 6(1)(c) del RGPD \u2013 obligaci\u00f3n legal incierta al Responsable,  <\/li>\n\n\n\n<li>El art\u00edculo 6(1)(f) del RGPD \u2013 el inter\u00e9s leg\u00edtimo del Administrador (por ejemplo, marketing directo, gesti\u00f3n de consultas).  <\/li>\n<\/ul>\n\n<hr class=\"wp-block-separator has-alpha-channel-opacity\"\/>\n\n<h5 class=\"wp-block-heading\">5. Destinatarios de datos<\/h5>\n\n<p>Los datos personales pueden ser transferidos:<\/p>\n\n<ul class=\"wp-block-list\">\n<li>agentes inmobiliarios colaboradores,<\/li>\n\n\n\n<li>entidades que prestan servicios contables, legales y de TI,<\/li>\n\n\n\n<li>proveedores de herramientas de marketing y env\u00edo postal,<\/li>\n\n\n\n<li>organismos de administraci\u00f3n p\u00fablica \u2013 cuando la ley lo requiera.<\/li>\n<\/ul>\n\n<p>El Administrador no transfiere datos a terceros pa\u00edses fuera del Espacio Econ\u00f3mico Europeo, salvo que sea necesario para la prestaci\u00f3n de un servicio espec\u00edfico y tras informar al usuario en consecuencia.<\/p>\n\n<hr class=\"wp-block-separator has-alpha-channel-opacity\"\/>\n\n<h5 class=\"wp-block-heading\">6. Periodo de retenci\u00f3n de datos<\/h5>\n\n<p>Los datos personales se almacenan durante el periodo de:<\/p>\n\n<ul class=\"wp-block-list\">\n<li>necesarios para lograr los fines para los cuales fueron recogidos,<\/li>\n\n\n\n<li>exigido por ley (por ejemplo, el periodo de almacenamiento de documentos contables),<\/li>\n\n\n\n<li>hasta que se retire el consentimiento en caso de tratamiento de datos en base a \u00e9l.<\/li>\n<\/ul>\n\n<hr class=\"wp-block-separator has-alpha-channel-opacity\"\/>\n\n<h5 class=\"wp-block-heading\">7. Derechos de los sujetos de los datos<\/h5>\n\n<p>Toda persona cuyos datos son procesados tiene derecho a:<\/p>\n\n<ul class=\"wp-block-list\">\n<li>acceder a sus datos y recibir una copia de los mismos,<\/li>\n\n\n\n<li>rectificaci\u00f3n o completaci\u00f3n de datos,<\/li>\n\n\n\n<li>borrado de datos (derecho al olvido),<\/li>\n\n\n\n<li>restricci\u00f3n del procesamiento,<\/li>\n\n\n\n<li>Portabilidad de datos,<\/li>\n\n\n\n<li>objeto al procesamiento de datos,<\/li>\n\n\n\n<li>Retira tu consentimiento en cualquier momento (sin afectar la legalidad del procesamiento previo).<\/li>\n<\/ul>\n\n<p>Para ejercer estos derechos, se puede contactar con el Administrador a trav\u00e9s de la direcci\u00f3n de correo electr\u00f3nico mencionada anteriormente.<\/p>\n\n<p>Si crees que tus datos est\u00e1n siendo tratados en violaci\u00f3n de la ley, tienes derecho a presentar una denuncia ante la <strong>Agencia Espa\u00f1ola de Protecci\u00f3n de Datos (AEPD).<\/strong><\/p>\n\n<hr class=\"wp-block-separator has-alpha-channel-opacity\"\/>\n\n<h5 class=\"wp-block-heading\">8. Galletas<\/h5>\n\n<p>El sitio web puede utilizar las llamadas cookies para: <\/p>\n\n<ul class=\"wp-block-list\">\n<li>Garantizar el correcto funcionamiento del sitio web,<\/li>\n\n\n\n<li>Analizar el tr\u00e1fico web,<\/li>\n\n\n\n<li>Personalizaci\u00f3n de contenido y publicidad.<\/li>\n<\/ul>\n\n<p>El usuario puede cambiar la configuraci\u00f3n de cookies en su navegador en cualquier momento. La informaci\u00f3n detallada sobre las cookies se puede encontrar en una <strong>Pol\u00edtica de Cookies<\/strong> separada. <\/p>\n\n<hr class=\"wp-block-separator has-alpha-channel-opacity\"\/>\n\n<h5 class=\"wp-block-heading\">9. Seguridad de los datos<\/h5>\n\n<p>El Administrador aplica las medidas t\u00e9cnicas y organizativas adecuadas para garantizar la protecci\u00f3n de los datos personales frente a la p\u00e9rdida, el acceso por parte de personas no autorizadas o la divulgaci\u00f3n no autorizada.<\/p>\n\n<hr class=\"wp-block-separator has-alpha-channel-opacity\"\/>\n\n<h5 class=\"wp-block-heading\">10. Cambios en la Pol\u00edtica de Privacidad<\/h5>\n\n<p>La Pol\u00edtica de Privacidad puede actualizarse para adaptarla a las leyes o pr\u00e1cticas cambiantes del Administrador. La versi\u00f3n actual siempre est\u00e1 disponible en la p\u00e1gina web. <\/p>\n\n<hr class=\"wp-block-separator has-alpha-channel-opacity\"\/>\n\n<p>\u00a9 2025 Real Estate D&amp;R Espa\u00f1ola S.L. \u2013 todos los derechos reservados.<\/p>\n","protected":false},"excerpt":{"rendered":"<p>POL\u00cdTICA DE PRIVACIDADReal Estate D&amp;R Espa\u00f1ola S.L.(Calle Josefa Botella Sempere 12, bloque 2\/2C, 03130 Santa Pola, Espa\u00f1a) 1. Informaci\u00f3n general Esta Pol\u00edtica de Privacidad establece las<span class=\"excerpt-hellip\"> [\u2026]<\/span><\/p>\n","protected":false},"author":1,"featured_media":0,"parent":0,"menu_order":0,"comment_status":"closed","ping_status":"closed","template":"","meta":{"footnotes":""},"class_list":["post-383","page","type-page","status-publish","hentry"],"_links":{"self":[{"href":"https:\/\/www.drespanola.com\/es\/wp-json\/wp\/v2\/pages\/383","targetHints":{"allow":["GET"]}}],"collection":[{"href":"https:\/\/www.drespanola.com\/es\/wp-json\/wp\/v2\/pages"}],"about":[{"href":"https:\/\/www.drespanola.com\/es\/wp-json\/wp\/v2\/types\/page"}],"author":[{"embeddable":true,"href":"https:\/\/www.drespanola.com\/es\/wp-json\/wp\/v2\/users\/1"}],"replies":[{"embeddable":true,"href":"https:\/\/www.drespanola.com\/es\/wp-json\/wp\/v2\/comments?post=383"}],"version-history":[{"count":1,"href":"https:\/\/www.drespanola.com\/es\/wp-json\/wp\/v2\/pages\/383\/revisions"}],"predecessor-version":[{"id":384,"href":"https:\/\/www.drespanola.com\/es\/wp-json\/wp\/v2\/pages\/383\/revisions\/384"}],"wp:attachment":[{"href":"https:\/\/www.drespanola.com\/es\/wp-json\/wp\/v2\/media?parent=383"}],"curies":[{"name":"wp","href":"https:\/\/api.w.org\/{rel}","templated":true}]}}